{"id":2081,"date":"2024-10-07T17:44:41","date_gmt":"2024-10-07T15:44:41","guid":{"rendered":"https:\/\/lospazio.es\/?page_id=2081"},"modified":"2024-10-07T17:44:41","modified_gmt":"2024-10-07T15:44:41","slug":"retrospective","status":"publish","type":"page","link":"https:\/\/lospazio.es\/en\/moreno-bernardi\/retrospective\/","title":{"rendered":"Retrospective"},"content":{"rendered":"<div class=\"fusion-fullwidth fullwidth-box fusion-builder-row-1 nonhundred-percent-fullwidth non-hundred-percent-height-scrolling\" style=\"--awb-border-radius-top-left:0px;--awb-border-radius-top-right:0px;--awb-border-radius-bottom-right:0px;--awb-border-radius-bottom-left:0px;--awb-flex-wrap:wrap;\" ><div class=\"fusion-builder-row fusion-row\"><div class=\"fusion-layout-column fusion_builder_column fusion-builder-column-0 fusion_builder_column_1_1 1_1 fusion-one-full fusion-column-first fusion-column-last\" style=\"--awb-bg-size:cover;\"><div class=\"fusion-column-wrapper fusion-column-has-shadow fusion-flex-column-wrapper-legacy\"><div class=\"fusion-text fusion-text-1\"><p>Moreno Bernardi is a choreographer and dancer: after training with Carolyn Carlson, Herns Duplan, Dieter Heitkemp, Antonella Bertoni and Michele Abbondanza, he develops an original dance in technique and composition, which combines knowledge of dance techniques, biomechanics, \u201c<em>expresion primitive\u201d<\/em> and studies in rhythmic and musical theory. He is a director and actor: after graduating from La Scuola di Teatro Alessandra Galante Garrone (Bologna, I) and specializing in theater biomechanics and mask techniques with maestro Nikolaj Karpov from GITIS in Moscow, in addition to intense training experiences with Judith Malina (the Living Theater), Bernardi develops an idea and a theater practice in which acting techniques are the main vehicle of scenic expression. He studies music and classical guitar at the Centro Chitarristico Pretelli-Corradi (Verona, I) and specializes with the Polish maestro Lucyan Wesolowski.<\/p>\n<p>Since <strong>1992<\/strong> he has been a free-lance artist (choreographer, director, interpreter, pedagogue) signing since then 80 scenic pieces, including dance, theater and dramaturgies, with an uninterrupted involvement in training, dissemination and artistic research since <strong>1997<\/strong>.<\/p>\n<p>Bernardi collaborated with different Italian theaters, in which stand out the choreographies and training for a company in <em>Iphigenia<\/em> (Euripides) directed by Massimo Castri, and <em>Sillabe di seta<\/em> (E.Dickinson) by Stefanica Felicioli at Teatro Metastasio in Prato (<strong>1998- 99<\/strong>). After professional experiences with the Piccolo Treatro di Milano &#8211; Teatro d&#8217;Europa Giorgio Strehler in <em>La Gabbianella e il gatto che le insegn\u00f3 a volare<\/em>, directed by Walter Pagliaro and choreographed by Georghe Iancu, and <em>Arlecchino servitore di due padroni<\/em> directed by Giorgio Strehler (<strong>1997-1999<\/strong>), Bernardi moved to Venice where he began his independent activity and became a guest teacher, experimenting and disseminating what is now recognized as Moreno Bernardi&#8217;s original technique and research, and which is the object of study in university frameworks. During the Venetian years (<strong>1999-2001<\/strong>), with clear expressionist and German dance-theatre influences, he created his first solo works: <em>I fiori di sempre<\/em>, the &#8216;Pray about&#8217; trilogy (<em>Ingenuo Incanto<\/em>, <em>Grace \u2013 la pioggia di riso<\/em>, <em>Su\u00e9ltame<\/em>), <em>El sonido del \u00e1ngel<\/em> and <em>La l\u00e1grima y el mar. <\/em>In addition to the theatrical pieces from <em>Romeo and Juliet<\/em> by W. Shakespeare, <em>Giulia e le altre and Il bacio<\/em>, and the piece <em>sono qui \u2013 omaggio a una passione <\/em>dedicated to Jean Vigo.<\/p>\n<p>In <strong>2001<\/strong> he moved to Barcelona presenting <em>El sonido del \u00e1ngel<\/em> and <em>Su\u00e9ltame<\/em>. He was hired as a teacher for a postgraduate course at Institut del Teatre\u2019s center in Osona (Vic), a nine-month laboratory in which he creates <em>The first time<\/em> from &#8216;Romeo and Juliet&#8217; by W. Shakespeare; <em>Mira, yo vivo <\/em>with poems by R.M. Rilke; Q<em>uina hora \u00e9s?<\/em> from the &#8216;Three Sisters&#8217; by A. Cechov; and <em>Cotidianas<\/em> with poems by Mario Benedetti.<\/p>\n<p>In <strong>2003<\/strong>, after the production of <em>Shi ho &#8211; el mando de bula, <\/em>he created the Moreno Ensemble project (MEp) and the ensemble pieces: <em>Rosa de Mayo<\/em>, <em>Las l\u00e1grimas ignorantes<\/em>, <em>Hay un d\u00eda en que se nace<\/em>, the study <em>Las horas de Ophelia<\/em>; y <em>All\u00ed donde el mar vuelve a romperse con las olas<\/em>, among others. After the <strong>2005<\/strong> solos <em>Reiner Widerspruch<\/em> and <strong><em>Blue Solo<\/em><\/strong> (a tribute to Carolyn Carlson and Fran\u00e7oise Dupuy), Moreno Bernardi focuses on the development of a new language, approaching abstract movement and gestural composition, abandoning at the moment his early expressionist influences, creating the solo <em>Capriccio<\/em>; works for the company <em>Xiuxiueig<\/em>, thanks to the collaboration of the musician Jordi Savall and the singer Montserrat Figueras; and <em>About wish whisper&#8217;<\/em> (<strong>2008-2009<\/strong>).<\/p>\n<p>In <strong>2011<\/strong> <em>La Dama de Corinto<\/em> was inaugurated, a film installation by the filmmaker Jos\u00e9 Lu\u00eds Guer\u00edn for the Esteban Vicente Museum of Contemporary Art in Segovia and the Pompidou Center in Paris, a project where Bernardi signs choreography and interpretation. In the same year he created, together with the musician Agust\u00ed Fern\u00e1ndez, <em>Momentos An\u00f3nimos<\/em>, a dance-concert where the two artists develop a stage encounter based on the harmonic rules of instantaneous composition through the improvisation system typical of jazz.<\/p>\n<p>For the evolution of his new work phase, he focuses on study and composition thanks to two research projects that, from <strong>2009 to 2012<\/strong>, receive the support of the Academic Coordination of Institut del Teatre of Barcelona:<\/p>\n<p><em>WW (Within Without<\/em>) | a project that he carried out until <strong>2013<\/strong> with the dancer Garazi Lopez de Armentia, from which the dance series <em>EXPO, <\/em>the dances <em>Expolife<\/em>, <em>Toxotria<\/em>, <em>Danza n.15<\/em>, the solos <em>S&amp;7DBM<\/em> and <em>Ekforiko <\/em>were born. As well as the theatrical research project <em>CA<\/em> (acting composition), with a group of actors at the very beginning (making <em>El caso Apodaca<\/em> \u2013 <em>documenta 1<\/em>) and then continuing with Monica Almirall until <strong>2012<\/strong>, actress with whom Bernardi made and directed the trilogy &#8220;<em>La Voix<\/em>&#8220;, making in the last phase <em>La voix humaine<\/em> by J.Cocteau, and <em>Atzar<\/em>, with the poems that Raimon \u00c1vila wrote in the same framework of the investigation, inspired by <em>&#8216;Toxotria&#8217;<\/em> and <em>&#8216;La voix&#8217;<\/em> and which are now part of the publication La Nansa.<\/p>\n<p>In 2013, the &#8216;WW&#8217; project leaves some space for the EDM research (writing and describing movement) in which Bernardi ends the formalization of an original movement technique and a composition system, performing the solo <strong>Shasei<\/strong>: work that culminates his abstract and compositional phase. Since <strong>2012<\/strong> the &#8216;CA&#8217; project leaves some room for a second part of acting research, focusing on the voice, the sound scores and the musical-body composition of the actor, making <em>Radiohamlet<\/em> (composition for 4 voices in 3 movements), and formalizing an original technique in movement biomechanics with the collaboration of the Escuela Superior de Danza y Multimedia of Barcelona.<\/p>\n<p>The meeting with the composer and musicologist Benet Casablancas is decisive for the latest dances, among which <em>7 dances for Hamlet<\/em>., a solo for the Shakespeare Festival in Barcelona, presented in the program &#8220;[H]Works&#8221; together with <em>Radiohamlet<\/em> (<strong>2013<\/strong>), and that concretizes a new phase of Bernardi&#8217;s work in which he recovers the theater-dance of his origins fed by the abstract of recent years: the expressionism of that time leaves space for the evocation of movement, and theatricality for the scenic perception of the gesture. Just as in theater, after <em>Radiohamlet<\/em>, his interest in the voice, with an active investigation of a vocal system, leads him to a theatricality of the performer where word is sound and gesture is form. It is on this threshold that he creates <em>Before Romeo and Juliet<\/em> (contemporary libretto based on W.Shakespeare). In <strong>2015<\/strong>, in collaboration with Sala Hiroshima, he created the <strong>Moreno Bernardi Atelier <\/strong>(MBA): a laboratory for stage research and creation focused on composition and open to the arts and disciplines of the participants; for the MBA he signs the pieces <em>The White Loop<\/em>, <em>Kindness of the soul<\/em>, <em>Don&#8217;t Weep Dont Sleep<\/em>, <em>Stabat Mater (It\u2019s Ok, Ma!)<\/em> and <em>Everything seems without limits<\/em>. In the same year, he was invited by the center L&#8217;Excentrica, to carry out &#8216;Moving to Motion&#8217; (MtM), his first project to disseminate dance and music among young people, an edition that ended with the choreographic pieces of <em>Moving to Mozart<\/em> and <em>Moving to Vivaldi<\/em> in collaboration with the Camerata Gramenet Orchestra (dir. Bernat Bofarull Oliv\u00e9s) and <em>Alfabeto &#8211; Letter to the world -, <\/em>in 2018, which ends the MtM project<em>.<\/em><\/p>\n<p>In <strong>2016<\/strong> he premiered the solo <em>Il gesto sospeso<\/em> for &#8216;Il canto sospeso&#8217; by Luigi Nono&#8217; (Sala Hiroshima) with the support of Nuria Schoenberg and the Fondazione Archivio Luigi Nono of Venice after two years of research, and finished the audiovisual project <em>Correspond\u00e8ncies<\/em>, a poetic documentary directed by Eric de Gispert and Miquel Ard\u00e8vol that describes the meeting between Bernardi and the architect Pere Riera. In <strong>2017<\/strong>, he created <em>The Blue Room<\/em> (a tribute to <em>Blue<\/em> by Derek Jarman), a project of choreographic and musical creation with Anna Mastrolitto\/LiveSoundTracks and the musician Gigi Piscitelli, creating for the occasion a platform for the professionalization of artists with the collaboration of MEATS ELISAVA, SAE Institut, ESDi and Sala Hiroshima. In the same year, commissioned by Teatre Akad\u00e8mia in Barcelona, he created <em>L&#8217;Altra Voce &#8211; composition for 5 voices in 4 movements and piano<\/em>-, with poems by Alda Merini and the collaboration of the pianist Sira Hern\u00e1ndez.<\/p>\n<p>In <strong>2018<\/strong> he created the solo <em>M\u00e9d\u00e9e-Kali<\/em>, music by Lionel Ginoux and libretto by Laurent Gaud\u00e9, with the BME musicians for the Barcelona Modern &#8211; Festival of contemporary music and new creation -. In the same year, he is choreographer and coach for Sophocles&#8217; Philoctetes, directed by Antonio Sim\u00f3n, a production of the International Classical Theater Festival of M\u00e9rida and Bit\u00f2; and commissioned by the Nando and Elsa Peretti Foundation, for whom he created <em>Los Derechos Humanos, a composition for 6 voices, a song and a reader<\/em> on the occasion of the 70th anniversary of the Declaration of Human Rights, an event organized by the Association for the United Nations in Spain. Together with the designer Elsa Peretti and with the support of the Nando and Elsa Peretti Foundation, in 2019 he creates Lo Spazio -center for artistic research and contemporary practices-, a research and creation studio, and headquarters of the MEp and the MBA, with which Bernardi, that very same year, signed <em>La Diversa<\/em> (a monodrama in 2 movements with words by Alda Merini). With Lo Spazio, Bernardi created in <strong>2020<\/strong> the diptych <em>La Nit<\/em> y <em>Radionit<\/em> after eight years of research (starting from <em>The Night Before the Forests<\/em> by B.M.Kolt\u00e9s); and in 2021 <em>L&#8217;olor eixordadora del blanc<\/em> (by S.Massini) and <em>Diverse Childhood<\/em> (inspired by <em>&#8216;Hold your own&#8217;<\/em> by K.Tempest) for the IF Barcelona Visual and Figure Theater Biennale; in 2022 <em>Eduard II<\/em> (by C.Marlowe) and, after four years of research, the solo <em>Una Cosa Rotta<\/em> (with music by Demian Luna and the Barcelona Modern Ensemble) with the collaboration of Phonos (electronic and electroacoustic music research center) and the musician \u00c1ngel Faraldo; and presents the audiovisual documentaries <em>Las Cartas de La Nit<\/em>, <em>Las Voces de Radionit<\/em> and <em>Moreno Bernardi<\/em> on the occasion of Bernardi&#8217;s 20 years of cultural activity in Barcelona, with the collaboration of the Filmoteca de Catalunya; in <strong>2023<\/strong> he directs Macbeth (by W. Shakespeare), also creating music and scenery for it. <em>Macbeth<\/em> and <em>Una Cosa Rotta<\/em> determine the current phase of Bernardi\u2019s poetic work, which started in theater with the opening of Lo Spazio in 2019 and in dance with <em>Il gesto sospeso<\/em> in 2016: a theater that dialogues with voice, music, fashion and multimedia with a close relationship with the art of the spoken-word, and a dance with a close instrumental and bodily relationship with music, sound and score. Over the last few years, different artists from various disciplines have collaborated with Bernardi, such as the filmmaker Jos\u00e9 Lu\u00eds Guer\u00edn (<em>La Dama de Corinto<\/em>), the musician Agust\u00ed Fernandez (<em>MB<\/em><em>\u2502<\/em><em>AF:<\/em> <em>momentos an\u00f3nimos<\/em>), the composer Lionel Ginoux (<em>M\u00e9d\u00e9e- Kali<\/em>), the architect Pere Riera (<em>Correspond\u00e8ncies<\/em>), the soprano Montserrat Figueras (<em>Xiuxiueig<\/em>), the composer Benet Casablancas (<em>7 dances for Hamlet<\/em>), the director Pep Tosar (<em>Esquena de Ganivet<\/em>), the composer Demian Luna (<em>Una cosa rotta<\/em>), the sculptor Manel Rovira, the designers Josep Abril, Txell Miras, Alexis Ferrer, and the maestro Masato Matsuura (Paris) with whom he started a pedagogical and scenic activity (<em>hitostu<\/em>) of theatrical biomechanics and Noh theater, a project presented at the &#8220;Forum of pedagogy of the Arts and Techniques of the performance\u201d \u2013 Barcelona 2014. Bernardi, with an uninterrupted rhythm accompanies artistic and research activities with training, offering courses and laboratories in Italy, France and Spain. Since <strong>2001<\/strong> Moreno Bernardi has been a professor in the Department of Movement of Institut del Teatre of Diputaci\u00f3 de Barcelona; and guest professor at different European higher education centers (&#8216;Universitat de Barcelona&#8217;, &#8216;Ecole nationale sup\u00e9rieure des arts d\u00e9coratifis de Paris&#8217;, &#8216;Escola de t\u00e8cniques de les arts de l\u2019espectacle&#8217; in Barcelona, &#8216;Laboratoire Architecture\/Anthropologie&#8217; in Paris, &#8216;Ecole Nationale Sup\u00e9rieure d&#8217;Architecture de Paris-La Villette&#8217;, Escuela de danza y multimedia&#8217; in Barcelona\u2026). He is a specialist in dance for the M.I.U.R (Ministry of Education, University and Research) in Italy and is invited to give lectures [\u201cFormation professionnelle du danseur Enseignement sup\u00e9rieur de la danse en Europe\u201d, Arles European Meetings, paper presented by Dominique and Fran\u00e7oise Dupuy &#8211; \u201cIl corpo della danza e la comunicazione dei saperi\u201d, MIUR Roma &#8211; \u201cEcrire et d\u00e9crire l&#8217;espace \u00e0 travers le corps\u201d, LAA\/ ENSAPLV, Paris).<\/p>\n<p>European universities and training centers have studied the work and thought of Moreno Bernardi for doctorates and final projects: Universit\u00e1 Ca&#8217;Foscari in Venezia: <em>Loda all\u2019angelo il mondo, Prova di studio sul m\u00e9todo di Moreno Bernardi<\/em> (Giacinta Maria Dalla Piet\u00e1), Conservatori Superior de Dansa de Barcelona: <em>Entre el sue\u00f1o y la vigila, mi encuentro con Moreno Bernardi<\/em> (Elena Bernal), Rottherdam Dance Academy: <em>Moreno Bernardi: an italian choreographer in Barcelona<\/em> (Laura Guglielmetto), La Sorbonne Nouvelle Paris: <em>L\u2019\u00e9v\u00e9nement naturel du spectacle de danse dans \u201cWritings on water\u201d by Carolyn Carlson et \u201cReiner Widerspruch\u201d by Moreno Bernardi<\/em> (Giacinta Maria Dalla Piet\u00e1), Escola Superior d\u2019Art Dram\u00e0tic de Barcelona: <em>Materia y Forma del Di\u00e1logo Desplazado<\/em><em>, La Biomec\u00e1nica de Moreno Bernardi, V.Kandinsky y Esgrima Angulista, umbrales para la elaboraci\u00f3n de una T\u00e9cnica de Manipulaci\u00f3n del Actor Occidental<\/em> (Andreu Mart\u00ednez), Escola Superior d\u2019Art Dram\u00e0tic de Barcelona: <em>Diario de una actriz \u2013 al lado de Moreno Bernardi<\/em> (Monica Almirall).<\/p>\n<p>Bernardi has received international awards and recognition in dance and theater (&#8216;Premis Mediterrania-dance category&#8217;, d come arte- Balletto di Toscana segnala la nuova coreografia\u2019&#8217;, &#8216;Dancin&#8217;Florence&#8217; awarded in two editions, &#8216;Montegrotto Europa Award alla Vocazione&#8217; where he received a scholarship by the will of the English actress Vanessa Redgrave, &#8216;Danza Teatro e Altro&#8217;, &#8216;Quando il teatro \u00e8 arte&#8217;, &#8216;Gal\u00e1 del Teatro&#8217;, &#8216;Targa Malvezzi&#8217;&#8230;<\/p>\n<\/div><div class=\"fusion-clearfix\"><\/div><\/div><\/div><\/div><\/div>\n","protected":false},"excerpt":{"rendered":"","protected":false},"author":2,"featured_media":0,"parent":2079,"menu_order":0,"comment_status":"closed","ping_status":"closed","template":"","meta":{"footnotes":""},"class_list":["post-2081","page","type-page","status-publish","hentry"],"yoast_head":"<!-- This site is optimized with the Yoast SEO plugin v23.6 - https:\/\/yoast.com\/wordpress\/plugins\/seo\/ -->\n<title>Retrospective - Spazio<\/title>\n<meta name=\"robots\" content=\"noindex, follow, max-snippet:-1, max-image-preview:large, max-video-preview:-1\" \/>\n<meta property=\"og:locale\" content=\"en_US\" \/>\n<meta property=\"og:type\" content=\"article\" \/>\n<meta property=\"og:title\" content=\"Retrospective - Spazio\" \/>\n<meta property=\"og:url\" content=\"https:\/\/lospazio.es\/lo-spazio\/moreno-bernardi\/retrospectiva\/\" \/>\n<meta property=\"og:site_name\" content=\"Spazio\" \/>\n<meta name=\"twitter:card\" content=\"summary_large_image\" \/>\n<meta name=\"twitter:label1\" content=\"Est. reading time\" \/>\n\t<meta name=\"twitter:data1\" content=\"12 minutes\" \/>\n<script type=\"application\/ld+json\" class=\"yoast-schema-graph\">{\"@context\":\"https:\/\/schema.org\",\"@graph\":[{\"@type\":\"WebPage\",\"@id\":\"https:\/\/lospazio.es\/lo-spazio\/moreno-bernardi\/retrospectiva\/\",\"url\":\"https:\/\/lospazio.es\/lo-spazio\/moreno-bernardi\/retrospectiva\/\",\"name\":\"Retrospective - Spazio\",\"isPartOf\":{\"@id\":\"https:\/\/lospazio.es\/#website\"},\"datePublished\":\"2024-10-07T15:44:41+00:00\",\"dateModified\":\"2024-10-07T15:44:41+00:00\",\"breadcrumb\":{\"@id\":\"https:\/\/lospazio.es\/lo-spazio\/moreno-bernardi\/retrospectiva\/#breadcrumb\"},\"inLanguage\":\"en-US\",\"potentialAction\":[{\"@type\":\"ReadAction\",\"target\":[\"https:\/\/lospazio.es\/lo-spazio\/moreno-bernardi\/retrospectiva\/\"]}]},{\"@type\":\"BreadcrumbList\",\"@id\":\"https:\/\/lospazio.es\/lo-spazio\/moreno-bernardi\/retrospectiva\/#breadcrumb\",\"itemListElement\":[{\"@type\":\"ListItem\",\"position\":1,\"name\":\"Portada\",\"item\":\"https:\/\/lospazio.es\/\"},{\"@type\":\"ListItem\",\"position\":2,\"name\":\"Moreno Bernardi\",\"item\":\"https:\/\/lospazio.es\/lo-spazio\/moreno-bernardi\/\"},{\"@type\":\"ListItem\",\"position\":3,\"name\":\"Retrospective\"}]},{\"@type\":\"WebSite\",\"@id\":\"https:\/\/lospazio.es\/#website\",\"url\":\"https:\/\/lospazio.es\/\",\"name\":\"Spazio\",\"description\":\"Otro sitio realizado con WordPress\",\"potentialAction\":[{\"@type\":\"SearchAction\",\"target\":{\"@type\":\"EntryPoint\",\"urlTemplate\":\"https:\/\/lospazio.es\/?s={search_term_string}\"},\"query-input\":{\"@type\":\"PropertyValueSpecification\",\"valueRequired\":true,\"valueName\":\"search_term_string\"}}],\"inLanguage\":\"en-US\"}]}<\/script>\n<!-- \/ Yoast SEO plugin. -->","yoast_head_json":{"title":"Retrospective - Spazio","robots":{"index":"noindex","follow":"follow","max-snippet":"max-snippet:-1","max-image-preview":"max-image-preview:large","max-video-preview":"max-video-preview:-1"},"og_locale":"en_US","og_type":"article","og_title":"Retrospective - Spazio","og_url":"https:\/\/lospazio.es\/lo-spazio\/moreno-bernardi\/retrospectiva\/","og_site_name":"Spazio","twitter_card":"summary_large_image","twitter_misc":{"Est. reading time":"12 minutes"},"schema":{"@context":"https:\/\/schema.org","@graph":[{"@type":"WebPage","@id":"https:\/\/lospazio.es\/lo-spazio\/moreno-bernardi\/retrospectiva\/","url":"https:\/\/lospazio.es\/lo-spazio\/moreno-bernardi\/retrospectiva\/","name":"Retrospective - Spazio","isPartOf":{"@id":"https:\/\/lospazio.es\/#website"},"datePublished":"2024-10-07T15:44:41+00:00","dateModified":"2024-10-07T15:44:41+00:00","breadcrumb":{"@id":"https:\/\/lospazio.es\/lo-spazio\/moreno-bernardi\/retrospectiva\/#breadcrumb"},"inLanguage":"en-US","potentialAction":[{"@type":"ReadAction","target":["https:\/\/lospazio.es\/lo-spazio\/moreno-bernardi\/retrospectiva\/"]}]},{"@type":"BreadcrumbList","@id":"https:\/\/lospazio.es\/lo-spazio\/moreno-bernardi\/retrospectiva\/#breadcrumb","itemListElement":[{"@type":"ListItem","position":1,"name":"Portada","item":"https:\/\/lospazio.es\/"},{"@type":"ListItem","position":2,"name":"Moreno Bernardi","item":"https:\/\/lospazio.es\/lo-spazio\/moreno-bernardi\/"},{"@type":"ListItem","position":3,"name":"Retrospective"}]},{"@type":"WebSite","@id":"https:\/\/lospazio.es\/#website","url":"https:\/\/lospazio.es\/","name":"Spazio","description":"Otro sitio realizado con WordPress","potentialAction":[{"@type":"SearchAction","target":{"@type":"EntryPoint","urlTemplate":"https:\/\/lospazio.es\/?s={search_term_string}"},"query-input":{"@type":"PropertyValueSpecification","valueRequired":true,"valueName":"search_term_string"}}],"inLanguage":"en-US"}]}},"_links":{"self":[{"href":"https:\/\/lospazio.es\/en\/wp-json\/wp\/v2\/pages\/2081"}],"collection":[{"href":"https:\/\/lospazio.es\/en\/wp-json\/wp\/v2\/pages"}],"about":[{"href":"https:\/\/lospazio.es\/en\/wp-json\/wp\/v2\/types\/page"}],"author":[{"embeddable":true,"href":"https:\/\/lospazio.es\/en\/wp-json\/wp\/v2\/users\/2"}],"replies":[{"embeddable":true,"href":"https:\/\/lospazio.es\/en\/wp-json\/wp\/v2\/comments?post=2081"}],"version-history":[{"count":0,"href":"https:\/\/lospazio.es\/en\/wp-json\/wp\/v2\/pages\/2081\/revisions"}],"up":[{"embeddable":true,"href":"https:\/\/lospazio.es\/en\/wp-json\/wp\/v2\/pages\/2079"}],"wp:attachment":[{"href":"https:\/\/lospazio.es\/en\/wp-json\/wp\/v2\/media?parent=2081"}],"curies":[{"name":"wp","href":"https:\/\/api.w.org\/{rel}","templated":true}]}}